{"id":1689,"date":"2024-08-14T12:43:03","date_gmt":"2024-08-14T10:43:03","guid":{"rendered":"https:\/\/www.temis.org\/?page_id=1689"},"modified":"2024-08-14T12:45:14","modified_gmt":"2024-08-14T10:45:14","slug":"temis-besancon-technical-services-proximcite","status":"publish","type":"page","link":"https:\/\/www.temis.org\/en\/temis-useful-information\/temis-besancon-technical-services-proximcite\/","title":{"rendered":"TEMIS Besan\u00e7on Technical Services: Proxim&#8217;cit\u00e9"},"content":{"rendered":"\n<h1 class=\"wp-block-heading\">TEMIS Besan\u00e7on Technical Services: Proxim&#8217;cit\u00e9<\/h1>\n\n\n\n<div class=\"wp-block-columns is-layout-flex wp-container-core-columns-is-layout-28f84493 wp-block-columns-is-layout-flex\">\n<div class=\"wp-block-column is-layout-flow wp-block-column-is-layout-flow\" style=\"flex-basis:75%\">\n<p class=\"has-primary-color has-text-color has-link-color wp-elements-2605a53a03f05dbfedcb9e75ba0864ff\"><strong>PROXIM&#8217;CIT\u00c9 :\u00a0THE SERVICE THAT CHANGES THE CITY FOR YOU<\/strong><\/p>\n<\/div>\n\n\n\n<div class=\"wp-block-column is-layout-flow wp-block-column-is-layout-flow\" style=\"flex-basis:25%\">\n<div class=\"wp-block-group has-base-color has-primary-background-color has-text-color has-background has-link-color wp-elements-43e6a444f079e114c861cca3be184de0 is-layout-constrained wp-block-group-is-layout-constrained\">\n<p><strong>Address:<\/strong>&nbsp;Entry A \u2013 2, rue M\u00e9gevand<\/p>\n\n\n\n<p><strong>Phone:<\/strong>&nbsp;0 800 25 3000<br>(Free call from a landline)<\/p>\n\n\n\n<p>Online form,&nbsp;<a href=\"http:\/\/www.besancon.fr\/index.php?p=125&amp;art_id=936\" target=\"_blank\" rel=\"noreferrer noopener\">click here<\/a><\/p>\n<\/div>\n<\/div>\n<\/div>\n","protected":false},"excerpt":{"rendered":"<p>TEMIS Besan\u00e7on Technical Services: Proxim&#8217;cit\u00e9 PROXIM&#8217;CIT\u00c9 :\u00a0THE SERVICE THAT CHANGES THE CITY FOR YOU Address:&nbsp;Entry A \u2013 2, rue M\u00e9gevand Phone:&nbsp;0 800 25 3000(Free call from a landline) Online form,&nbsp;click here<\/p>\n","protected":false},"author":6,"featured_media":0,"parent":1390,"menu_order":0,"comment_status":"closed","ping_status":"closed","template":"","meta":{"_acf_changed":false,"footnotes":""},"class_list":["post-1689","page","type-page","status-publish","hentry"],"acf":[],"_links":{"self":[{"href":"https:\/\/www.temis.org\/en\/wp-json\/wp\/v2\/pages\/1689","targetHints":{"allow":["GET"]}}],"collection":[{"href":"https:\/\/www.temis.org\/en\/wp-json\/wp\/v2\/pages"}],"about":[{"href":"https:\/\/www.temis.org\/en\/wp-json\/wp\/v2\/types\/page"}],"author":[{"embeddable":true,"href":"https:\/\/www.temis.org\/en\/wp-json\/wp\/v2\/users\/6"}],"replies":[{"embeddable":true,"href":"https:\/\/www.temis.org\/en\/wp-json\/wp\/v2\/comments?post=1689"}],"version-history":[{"count":1,"href":"https:\/\/www.temis.org\/en\/wp-json\/wp\/v2\/pages\/1689\/revisions"}],"predecessor-version":[{"id":1690,"href":"https:\/\/www.temis.org\/en\/wp-json\/wp\/v2\/pages\/1689\/revisions\/1690"}],"up":[{"embeddable":true,"href":"https:\/\/www.temis.org\/en\/wp-json\/wp\/v2\/pages\/1390"}],"wp:attachment":[{"href":"https:\/\/www.temis.org\/en\/wp-json\/wp\/v2\/media?parent=1689"}],"curies":[{"name":"wp","href":"https:\/\/api.w.org\/{rel}","templated":true}]}}