{"id":1396,"date":"2024-07-29T16:46:21","date_gmt":"2024-07-29T14:46:21","guid":{"rendered":"https:\/\/www.temis.org\/recherche-excellence-et-innovation\/luxe-tech\/"},"modified":"2024-08-14T09:20:31","modified_gmt":"2024-08-14T07:20:31","slug":"luxe-tech","status":"publish","type":"page","link":"https:\/\/www.temis.org\/en\/recherche-excellence-et-innovation\/luxe-tech\/","title":{"rendered":"Luxe &amp; Tech"},"content":{"rendered":"\n<h1 class=\"wp-block-heading\">Luxury Factory in France : Luxury Excellence Cluster<\/h1>\n\n\n\n<p class=\"has-medium-font-size\">TEMIS offers the know-how sought after by the greatest luxury brands.<br>Watchmaking, jewelry, fashion accessories, decoration&#8230; luxury items are manufactured locally by more than 200 companies.<\/p>\n\n\n\n<p class=\"has-medium-font-size\">A selection of some wonderful know-how and luxury craftsmanship at TEMIS and in the Greater Besan\u00e7on area.<\/p>\n\n\n\n<div class=\"wp-block-columns is-layout-flex wp-container-core-columns-is-layout-28f84493 wp-block-columns-is-layout-flex\">\n<div class=\"wp-block-column is-layout-flow wp-block-column-is-layout-flow\" style=\"flex-basis:75%\">\n<h2 class=\"wp-block-heading h3\">Luxury plant<\/h2>\n\n\n\n<h3 class=\"wp-block-heading has-primary-color has-text-color has-link-color has-large-font-size wp-elements-4250afc7cd7efd0981afdabc2344d79f\" style=\"text-transform:none\">Mastery of watchmaking<\/h3>\n\n\n\n<h3 class=\"wp-block-heading has-primary-color has-text-color has-link-color has-large-font-size wp-elements-4250afc7cd7efd0981afdabc2344d79f\" style=\"text-transform:none\">An adequate offer in training<\/h3>\n\n\n\n<p><strong><a href=\"https:\/\/www.ens2m.fr\/\" target=\"_blank\" rel=\"noreferrer noopener\">ENSMM<\/a><\/strong>&nbsp;offers its engineering students an education unique in Europe: microtechnology and design &#8211; luxury and precision.<\/p>\n\n\n\n<p>Next door, the&nbsp;<strong><a href=\"http:\/\/www.lycee-juleshaag.fr\/\" target=\"_blank\" rel=\"noreferrer noopener\">Lyc\u00e9e Jules Haag<\/a><\/strong>&nbsp;\u2013 a former watchmaking school, conveys a strong technological and industrial culture.<\/p>\n\n\n\n<h3 class=\"wp-block-heading has-primary-color has-text-color has-link-color has-large-font-size wp-elements-4250afc7cd7efd0981afdabc2344d79f\" style=\"text-transform:none\">Research dedicated to luxury and watchmaking<\/h3>\n<\/div>\n\n\n\n<div class=\"wp-block-column is-layout-flow wp-block-column-is-layout-flow\" style=\"flex-basis:25%\">\n<div class=\"wp-block-group has-base-color has-primary-alt-background-color has-text-color has-background has-link-color wp-elements-fef2ac5e19e28dc6aa51f7fd0617e1a0 is-layout-constrained wp-block-group-is-layout-constrained\">\n<h3 class=\"wp-block-heading has-base-color has-text-color has-link-color has-medium-font-size wp-elements-2be8778fd995db7828c1450fd3ae04b5\">Some bisontine watchmaking companies<\/h3>\n\n\n\n<ul class=\"wp-block-list\">\n<li><strong>Audemars Piguet<\/strong><\/li>\n\n\n\n<li><strong>Breitling<\/strong><\/li>\n\n\n\n<li><strong>Festina<\/strong><\/li>\n\n\n\n<li><strong>Humbert-Droz<\/strong><\/li>\n\n\n\n<li><strong>Phenomen<\/strong><\/li>\n\n\n\n<li><strong>Swatch<\/strong><\/li>\n\n\n\n<li><strong>Timex<\/strong><\/li>\n\n\n\n<li><strong>Utinam<\/strong><\/li>\n<\/ul>\n\n\n\n<figure class=\"wp-block-image size-full\"><img decoding=\"async\" width=\"400\" height=\"300\" src=\"https:\/\/www.temis.org\/wp-content\/uploads\/2024\/08\/observatoire-poincon-vipere.jpg\" alt=\"Observatoire Poin\u00e7on Vip\u00e8re\" class=\"wp-image-885\" srcset=\"https:\/\/www.temis.org\/wp-content\/uploads\/2024\/08\/observatoire-poincon-vipere.jpg 400w, https:\/\/www.temis.org\/wp-content\/uploads\/2024\/08\/observatoire-poincon-vipere-300x225.jpg 300w\" sizes=\"(max-width: 400px) 100vw, 400px\" \/><\/figure>\n\n\n\n<h3 class=\"wp-block-heading has-base-color has-text-color has-link-color has-medium-font-size wp-elements-2e5ea50a2f3e13b32bd9e5d44b8f0c21\">The Observatory: precious guarantor of the accurate measurement of time<\/h3>\n\n\n\n<p>Located at TEMIS, the Observatory of Sciences of the Universe of Besan\u00e7on, depository of the Poin\u00e7on de la Vip\u00e8re, is one of the 3 organizations in the world authorized to certify watches.&nbsp;<strong><a href=\"https:\/\/theta.obs-besancon.fr\/\" target=\"_blank\" rel=\"noreferrer noopener\">theta.obs-besancon.fr<\/a><\/strong><\/p>\n\n\n\n<p>Prestigious recognition brand of the Besan\u00e7on Observatory, the Poin\u00e7on de la Vip\u00e8re certifies chronometers on a scale of half a second of accuracy.<\/p>\n<\/div>\n<\/div>\n<\/div>\n","protected":false},"excerpt":{"rendered":"<p>Luxury Factory in France : Luxury Excellence Cluster TEMIS offers the know-how sought after by the greatest luxury brands.Watchmaking, jewelry, fashion accessories, decoration&#8230; luxury items are manufactured locally by more than 200 companies. A selection of some wonderful know-how and luxury craftsmanship at TEMIS and in the Greater Besan\u00e7on area. ENSMM&nbsp;offers its engineering students an&#8230;<\/p>\n","protected":false},"author":6,"featured_media":0,"parent":1388,"menu_order":0,"comment_status":"closed","ping_status":"closed","template":"","meta":{"_acf_changed":false,"footnotes":""},"class_list":["post-1396","page","type-page","status-publish","hentry"],"acf":[],"_links":{"self":[{"href":"https:\/\/www.temis.org\/en\/wp-json\/wp\/v2\/pages\/1396","targetHints":{"allow":["GET"]}}],"collection":[{"href":"https:\/\/www.temis.org\/en\/wp-json\/wp\/v2\/pages"}],"about":[{"href":"https:\/\/www.temis.org\/en\/wp-json\/wp\/v2\/types\/page"}],"author":[{"embeddable":true,"href":"https:\/\/www.temis.org\/en\/wp-json\/wp\/v2\/users\/6"}],"replies":[{"embeddable":true,"href":"https:\/\/www.temis.org\/en\/wp-json\/wp\/v2\/comments?post=1396"}],"version-history":[{"count":1,"href":"https:\/\/www.temis.org\/en\/wp-json\/wp\/v2\/pages\/1396\/revisions"}],"predecessor-version":[{"id":1470,"href":"https:\/\/www.temis.org\/en\/wp-json\/wp\/v2\/pages\/1396\/revisions\/1470"}],"up":[{"embeddable":true,"href":"https:\/\/www.temis.org\/en\/wp-json\/wp\/v2\/pages\/1388"}],"wp:attachment":[{"href":"https:\/\/www.temis.org\/en\/wp-json\/wp\/v2\/media?parent=1396"}],"curies":[{"name":"wp","href":"https:\/\/api.w.org\/{rel}","templated":true}]}}