{"id":1395,"date":"2024-07-29T16:47:45","date_gmt":"2024-07-29T14:47:45","guid":{"rendered":"https:\/\/www.temis.org\/recherche-excellence-et-innovation\/enseignement-superieur\/"},"modified":"2024-08-14T11:18:27","modified_gmt":"2024-08-14T09:18:27","slug":"higher-education","status":"publish","type":"page","link":"https:\/\/www.temis.org\/en\/recherche-excellence-et-innovation\/higher-education\/","title":{"rendered":"University of Franche-Comt\u00e9, IMEA, ENSMM : higher education"},"content":{"rendered":"\n<h1 class=\"wp-block-heading\">University of Franche-Comt\u00e9, IMEA, ENSMM : higher education<\/h1>\n\n\n\n<p class=\"has-medium-font-size\">A multi-disciplinary offer and a wide range of academic and professional training programs, built on scientific and technological centers of excellence, closely integrated with the economic world, is available at TEMIS and its surrounding environment.<\/p>\n\n\n\n<div class=\"wp-block-columns is-layout-flex wp-container-core-columns-is-layout-28f84493 wp-block-columns-is-layout-flex\">\n<div class=\"wp-block-column is-layout-flow wp-block-column-is-layout-flow\" style=\"flex-basis:75%\">\n<h2 class=\"wp-block-heading h3\">University Bourgogne &#8211; Franche-Comt\u00e9<\/h2>\n\n\n\n<p>University Bourgogne Franche-Comt\u00e9 (UBFC) is a Community of Universities and Institutions (COMUE) of about 60,000 students, located in the center-east of France and covering 22 sites. It was created on April 1, 2015 by a Decree published in the Official Journal on March 11, 2015.<\/p>\n\n\n\n<p>The University of Franche-Comt\u00e9 (UFC) is a multi-disciplinary university established in 5 cities: Besan\u00e7on, Belfort, Montb\u00e9liard, Vesoul and Lons-le-Saunier.<\/p>\n\n\n\n<p>All levels of European diplomas are taught here: university diplomas in technology (DUT), bachelor&#8217;s degrees, professional licenses, masters, PhDs, engineering degrees.<\/p>\n\n\n\n<p>The disciplines taught cover all the major fields: fundamental and applied sciences, health, technology, literature, languages, language sciences, humanities and social sciences, sports sciences, law, economics, management.<\/p>\n\n\n\n<p><a href=\"http:\/\/www.univ-fcomte.fr\/\" target=\"_blank\" rel=\"noreferrer noopener\">www.univ-fcomte.fr<\/a>&nbsp;<\/p>\n\n\n\n<p><a href=\"http:\/\/www.ubfc.fr\/\" target=\"_blank\" rel=\"noreferrer noopener\">www.ubfc.fr<\/a><\/p>\n\n\n\n<h2 class=\"wp-block-heading h3\">National Higher School of Mechanics and Microtechnology&nbsp;(ENSMM)<\/h2>\n\n\n\n<p>National Higher School of Engineering to have a strong focus on microtechnology.&nbsp;<br>Member of the&nbsp;Polym\u00e9ca network&nbsp;(public engineering schools with a focus on mechanics).<\/p>\n\n\n\n<ul class=\"wp-block-list\">\n<li>800 students per year<\/li>\n\n\n\n<li>250 teachers for engineering training, research and innovation<\/li>\n\n\n\n<li>Many partnerships with local and international companies<\/li>\n<\/ul>\n\n\n\n<p>To learn more:&nbsp;<a href=\"http:\/\/www.ens2m.fr\/\" target=\"_blank\" rel=\"noreferrer noopener\">www.ens2m.fr<\/a><\/p>\n\n\n\n<h2 class=\"wp-block-heading h3\">Higher Institute of Engineers of Franche-Comt\u00e9 (ISIFC)<\/h2>\n\n\n\n<p>The Higher Institute of Engineers of Franche-Comt\u00e9 is specialized in Medical Devices. This original training program trains executives specializing in medical devices, all of whom share a rare triple culture: technical, regulatory and medical.<\/p>\n\n\n\n<ul class=\"wp-block-list\">\n<li>150 biomedical engineering students trained each year<\/li>\n\n\n\n<li>Recruiting minimum High School Diploma + 2 years of college<\/li>\n<\/ul>\n\n\n\n<p>To learn more:&nbsp;<a href=\"http:\/\/isifc.univ-fcomte.fr\/\" target=\"_blank\" rel=\"noreferrer noopener\">isifc.univ-fcomte.fr<\/a><\/p>\n\n\n\n<h2 class=\"wp-block-heading h3\">Center for Applied Linguistics (CLA)<\/h2>\n\n\n\n<p>The Center for Applied Linguistics (CLA) in Besan\u00e7on is the first French language learning center in the world. It is part of the University Franche-Comt\u00e9.<\/p>\n\n\n\n<p>Each year, the CLA hosts more than 4,000 students from around the world and is known for its teaching of French as a foreign language. The Center offers various language courses, mainly French, but also German, English, Spanish, Portuguese, Japanese, Italian, Arabic, Russian and Chinese. Its teaching is based on research in applied linguistics.<\/p>\n\n\n\n<p>The CLA is renowned for the professional training of teachers of French as a foreign language (FLE).<\/p>\n\n\n\n<p>In addition to its 32 classrooms, the CLA has a media library, a reception and performance room, three multimedia laboratories, a cafeteria and an accommodation service for students. It offers or suggests a large number of cultural and leisure activities in Besan\u00e7on and in the Bourgogne-Franche-Comt\u00e9 region.<\/p>\n\n\n\n<p>To learn more :&nbsp;<a href=\"https:\/\/cla.univ-fcomte.fr\/\" target=\"_blank\" rel=\"noreferrer noopener\">cla.univ-fcomte.fr<\/a><\/p>\n\n\n\n<h2 class=\"wp-block-heading h3\">Higher Institute of Fine Arts&nbsp;(ISBA)<\/h2>\n\n\n\n<p>The Higher Institute of Fine Arts of Besan\u00e7on (ISBA) is a French institution of higher artistic education (specializing in Art and Visual Communication, among others) hosting every year between 200 and 300 students from all over France.<\/p>\n\n\n\n<p>The school has many artists&#8217; studios, including ceramics, ironwork, woodwork, photography, video, computer science, digital printing, engraving and laser engraving, silkscreen printing, typography, etc.<\/p>\n\n\n\n<p>The Institute offers two national degrees in arts: the National Diploma in arts (DNA, bachelor&#8217;s degree) and the Higher National Diploma in Plastic Arts (DNSEP, master\u2019s degree, with the possibility to pursue a PhD at the university) and also offers evening classes and extracurricular courses in various disciplines.<\/p>\n\n\n\n<p>To learn more&nbsp;:&nbsp;<a href=\"http:\/\/www.isba-besancon.fr\/\" target=\"_blank\" rel=\"noreferrer noopener\">isba-besancon.fr<\/a><\/p>\n\n\n\n<h2 class=\"wp-block-heading h3\">European Institute of Management and Business (IMEA)<\/h2>\n\n\n\n<p>Affiliated to the Chamber of Commerce, the institute provides specialized training: trade and distribution, management secretarial, commercial, international, marketing\/management.<\/p>\n\n\n\n<p>Every year, more than 300 students, interns and apprentices come to the IMEA for training.<\/p>\n\n\n\n<p>To learn more:&nbsp;<a href=\"http:\/\/www.imea.info\/\" target=\"_blank\" rel=\"noopener\">www.imea.info<\/a><\/p>\n\n\n\n<h2 class=\"wp-block-heading h3\">School of Business and Management (ECM)<\/h2>\n\n\n\n<p>The ECM offers students, work-study students and employees diploma courses from High School Diploma to Master\u2019s Degree, Advanced Vocational Training Certificate, Bachelor\u2019s Degree, Certificates).<\/p>\n\n\n\n<p>Located in the Lafayette business park in Besan\u00e7on, it offers work-study programs in the French National Education system that are accessible after the High School Diploma.<\/p>\n\n\n\n<p>ECM is specialized in 4 sectors: Marketing\/communication, Trade\/sales, Management\/finance, Human Resources.<\/p>\n\n\n\n<p>To learn more&nbsp;<a href=\"https:\/\/www.ecm-france.fr\/\" target=\"_blank\" rel=\"noreferrer noopener\">ecm-france.fr<\/a><\/p>\n\n\n\n<h2 class=\"wp-block-heading h3\">Higher Tertiary School and its Professions&nbsp;(EST&#8217;M)<\/h2>\n\n\n\n<p>The EST&#8217;M Besan\u00e7on school offers work-linked training courses in the fields of HR, management, administration, accounting, insurance, banking, marketing, management, real estate, sales, trade and medical secretarial work.<\/p>\n\n\n\n<ul class=\"wp-block-list\">\n<li>350 students trained each year<\/li>\n\n\n\n<li>Training from High School Diploma to Master\u2019s Degree<\/li>\n<\/ul>\n\n\n\n<p>To learn more:&nbsp;<a href=\"https:\/\/www.estm.eu\/\" target=\"_blank\" rel=\"noreferrer noopener\">estm.eu<\/a><\/p>\n<\/div>\n\n\n\n<div class=\"wp-block-column is-layout-flow wp-block-column-is-layout-flow\" style=\"flex-basis:25%\">\n<div class=\"wp-block-group has-lightgrey-background-color has-background is-layout-constrained wp-block-group-is-layout-constrained\">\n<div class=\"wp-block-group row-icon-text is-nowrap is-layout-flex wp-container-core-group-is-layout-ec64ffb1 wp-block-group-is-layout-flex\">\n<figure class=\"wp-block-image size-large is-resized is-style-default icon-has-border-rounded\"><img decoding=\"async\" width=\"24\" height=\"24\" src=\"https:\/\/www.temis.org\/wp-content\/uploads\/2024\/08\/school.svg\" alt=\"\" class=\"wp-image-1621\" style=\"width:40px\"\/><\/figure>\n\n\n\n<div class=\"wp-block-group is-vertical is-layout-flex wp-container-core-group-is-layout-4b827052 wp-block-group-is-layout-flex\">\n<p class=\"has-secondary-color has-text-color has-link-color has-x-large-font-size wp-elements-6d833553cd84892afd4257b189f2dff7\">60 000<\/p>\n\n\n\n<p class=\"has-secondary-color has-text-color has-link-color wp-elements-e1476bf2a8e1eadd65dd167444a08aa4\">students at <br>the University of BFC<\/p>\n<\/div>\n<\/div>\n\n\n\n<div class=\"wp-block-group row-icon-text is-nowrap is-layout-flex wp-container-core-group-is-layout-ec64ffb1 wp-block-group-is-layout-flex\">\n<figure class=\"wp-block-image size-large is-resized is-style-default icon-has-border-rounded\"><img decoding=\"async\" width=\"24\" height=\"24\" src=\"https:\/\/www.temis.org\/wp-content\/uploads\/2024\/08\/official_building.svg\" alt=\"\" class=\"wp-image-1623\" style=\"width:40px\"\/><\/figure>\n\n\n\n<div class=\"wp-block-group is-vertical is-layout-flex wp-container-core-group-is-layout-4b827052 wp-block-group-is-layout-flex\">\n<p class=\"has-secondary-color has-text-color has-link-color has-x-large-font-size wp-elements-6d833553cd84892afd4257b189f2dff7\">22<\/p>\n\n\n\n<p class=\"has-secondary-color has-text-color has-link-color wp-elements-e1476bf2a8e1eadd65dd167444a08aa4\">locations from <br>the University of BFC<\/p>\n<\/div>\n<\/div>\n\n\n\n<div class=\"wp-block-group row-icon-text is-nowrap is-layout-flex wp-container-core-group-is-layout-ec64ffb1 wp-block-group-is-layout-flex\">\n<figure class=\"wp-block-image size-large is-resized is-style-default icon-has-border-rounded\"><img decoding=\"async\" width=\"24\" height=\"24\" src=\"https:\/\/www.temis.org\/wp-content\/uploads\/2024\/08\/school.svg\" alt=\"\" class=\"wp-image-1621\" style=\"width:40px\"\/><\/figure>\n\n\n\n<div class=\"wp-block-group is-vertical is-layout-flex wp-container-core-group-is-layout-4b827052 wp-block-group-is-layout-flex\">\n<p class=\"has-secondary-color has-text-color has-link-color has-x-large-font-size wp-elements-6d833553cd84892afd4257b189f2dff7\">800<\/p>\n\n\n\n<p class=\"has-secondary-color has-text-color has-link-color wp-elements-e1476bf2a8e1eadd65dd167444a08aa4\">students per year <br>at the ENSMM<\/p>\n<\/div>\n<\/div>\n\n\n\n<div class=\"wp-block-group row-icon-text is-nowrap is-layout-flex wp-container-core-group-is-layout-ec64ffb1 wp-block-group-is-layout-flex\">\n<figure class=\"wp-block-image size-large is-resized is-style-default icon-has-border-rounded\"><img decoding=\"async\" width=\"24\" height=\"24\" src=\"https:\/\/www.temis.org\/wp-content\/uploads\/2024\/08\/people.svg\" alt=\"\" class=\"wp-image-1355\" style=\"width:40px\"\/><\/figure>\n\n\n\n<div class=\"wp-block-group is-vertical is-layout-flex wp-container-core-group-is-layout-4b827052 wp-block-group-is-layout-flex\">\n<p class=\"has-secondary-color has-text-color has-link-color has-x-large-font-size wp-elements-6d833553cd84892afd4257b189f2dff7\">250<\/p>\n\n\n\n<p class=\"has-secondary-color has-text-color has-link-color wp-elements-e1476bf2a8e1eadd65dd167444a08aa4\">teachers for the<br>ENSMM training<\/p>\n<\/div>\n<\/div>\n<\/div>\n<\/div>\n<\/div>\n","protected":false},"excerpt":{"rendered":"<p>University of Franche-Comt\u00e9, IMEA, ENSMM : higher education A multi-disciplinary offer and a wide range of academic and professional training programs, built on scientific and technological centers of excellence, closely integrated with the economic world, is available at TEMIS and its surrounding environment. University Bourgogne &#8211; Franche-Comt\u00e9 University Bourgogne Franche-Comt\u00e9 (UBFC) is a Community of&#8230;<\/p>\n","protected":false},"author":6,"featured_media":0,"parent":1388,"menu_order":0,"comment_status":"closed","ping_status":"closed","template":"","meta":{"_acf_changed":false,"footnotes":""},"class_list":["post-1395","page","type-page","status-publish","hentry"],"acf":[],"_links":{"self":[{"href":"https:\/\/www.temis.org\/en\/wp-json\/wp\/v2\/pages\/1395","targetHints":{"allow":["GET"]}}],"collection":[{"href":"https:\/\/www.temis.org\/en\/wp-json\/wp\/v2\/pages"}],"about":[{"href":"https:\/\/www.temis.org\/en\/wp-json\/wp\/v2\/types\/page"}],"author":[{"embeddable":true,"href":"https:\/\/www.temis.org\/en\/wp-json\/wp\/v2\/users\/6"}],"replies":[{"embeddable":true,"href":"https:\/\/www.temis.org\/en\/wp-json\/wp\/v2\/comments?post=1395"}],"version-history":[{"count":1,"href":"https:\/\/www.temis.org\/en\/wp-json\/wp\/v2\/pages\/1395\/revisions"}],"predecessor-version":[{"id":1625,"href":"https:\/\/www.temis.org\/en\/wp-json\/wp\/v2\/pages\/1395\/revisions\/1625"}],"up":[{"embeddable":true,"href":"https:\/\/www.temis.org\/en\/wp-json\/wp\/v2\/pages\/1388"}],"wp:attachment":[{"href":"https:\/\/www.temis.org\/en\/wp-json\/wp\/v2\/media?parent=1395"}],"curies":[{"name":"wp","href":"https:\/\/api.w.org\/{rel}","templated":true}]}}