{"id":1390,"date":"2024-07-29T16:52:43","date_gmt":"2024-07-29T14:52:43","guid":{"rendered":"https:\/\/www.temis.org\/temis-pratique\/"},"modified":"2024-08-14T12:43:57","modified_gmt":"2024-08-14T10:43:57","slug":"temis-useful-information","status":"publish","type":"page","link":"https:\/\/www.temis.org\/en\/temis-useful-information\/","title":{"rendered":"Temis useful information"},"content":{"rendered":"\n<h1 class=\"wp-block-heading\">Temis useful information<\/h1>\n\n\n\n<h2 class=\"wp-block-heading\">Comment venir ?<\/h2>\n\n\n\n<div class=\"wp-block-group has-lightgrey-background-color has-background is-layout-constrained wp-block-group-is-layout-constrained\" style=\"padding-top:var(--wp--preset--spacing--5);padding-bottom:var(--wp--preset--spacing--5)\">\n<p>Selon d\u2019o\u00f9 vous venez vous pouvez vous rendre \u00e0&nbsp;<strong>TEMIS<\/strong>&nbsp;ou \u00e0&nbsp;<strong>TEMIS SANTE :<\/strong><\/p>\n\n\n\n<div class=\"wp-block-columns is-layout-flex wp-container-core-columns-is-layout-28f84493 wp-block-columns-is-layout-flex\">\n<div class=\"wp-block-column is-layout-flow wp-block-column-is-layout-flow\">\n<h3 class=\"wp-block-heading\">En BUS ou en TRAM<\/h3>\n\n\n\n<p>Horaires et itin\u00e9raires disponibles sur&nbsp;<a href=\"http:\/\/www.ginko.voyage\" data-type=\"link\" data-id=\"www.ginko.voyage\" target=\"_blank\" rel=\"noopener\">www.ginko.voyage<\/a><\/p>\n\n\n\n<figure class=\"wp-block-image size-full is-resized\"><img loading=\"lazy\" decoding=\"async\" width=\"400\" height=\"200\" src=\"https:\/\/www.temis.org\/wp-content\/uploads\/2024\/08\/GINKO-logo-bleu.png\" alt=\"Ginko - Pour voyager dans le Grand Besan\u00e7on\" class=\"wp-image-1246\" style=\"width:240px\" srcset=\"https:\/\/www.temis.org\/wp-content\/uploads\/2024\/08\/GINKO-logo-bleu.png 400w, https:\/\/www.temis.org\/wp-content\/uploads\/2024\/08\/GINKO-logo-bleu-300x150.png 300w\" sizes=\"auto, (max-width: 400px) 100vw, 400px\" \/><\/figure>\n<\/div>\n\n\n\n<div class=\"wp-block-column is-layout-flow wp-block-column-is-layout-flow\">\n<h3 class=\"wp-block-heading\">En taxi<\/h3>\n\n\n\n<p>Retrouver la liste des&nbsp;<a href=\"https:\/\/www.pagesjaunes.fr\/?quoiqui=taxi&amp;ou=besan%E7one\" target=\"_blank\" rel=\"noreferrer noopener\">num\u00e9ros disponible&nbsp;ici<\/a><\/p>\n<\/div>\n<\/div>\n\n\n\n<div style=\"height:var(--wp--preset--spacing--5)\" aria-hidden=\"true\" class=\"wp-block-spacer\"><\/div>\n\n\n\n<div class=\"wp-block-columns is-layout-flex wp-container-core-columns-is-layout-28f84493 wp-block-columns-is-layout-flex\">\n<div class=\"wp-block-column is-layout-flow wp-block-column-is-layout-flow\">\n<h3 class=\"wp-block-heading\">COORDONN\u00c9ES&nbsp;POUR VENIR \u00c0 TEMIS INNOVATION<\/h3>\n\n\n\n<p><strong>Temis Innovation<\/strong><br>18 Rue Alain Savary<br>25000 Besan\u00e7on<br>T\u00e9l.&nbsp;<a href=\"tel:0381504695\">+33(0)3 81 50 46 95<\/a><br><a href=\"mailto:bruno.favier@temis.org\">bruno.favier@temis.org<\/a><\/p>\n<\/div>\n\n\n\n<div class=\"wp-block-column is-layout-flow wp-block-column-is-layout-flow\"><\/div>\n<\/div>\n<\/div>\n\n\n\n<div style=\"height:var(--wp--preset--spacing--5)\" aria-hidden=\"true\" class=\"wp-block-spacer\"><\/div>\n\n\n\n<h2 class=\"wp-block-heading\">Faire garder vos enfants<\/h2>\n\n\n\n<div class=\"wp-block-group has-lightgrey-background-color has-background is-layout-constrained wp-block-group-is-layout-constrained\" style=\"padding-top:var(--wp--preset--spacing--5);padding-bottom:var(--wp--preset--spacing--5)\">\n<figure class=\"wp-block-image size-full is-resized\"><img loading=\"lazy\" decoding=\"async\" width=\"522\" height=\"324\" src=\"https:\/\/www.temis.org\/wp-content\/uploads\/2024\/08\/creche-la-maison-bleue.jpeg\" alt=\"La maison bleue, r\u00e9inventons la cr\u00e8che\" class=\"wp-image-1251\" style=\"width:200px\" srcset=\"https:\/\/www.temis.org\/wp-content\/uploads\/2024\/08\/creche-la-maison-bleue.jpeg 522w, https:\/\/www.temis.org\/wp-content\/uploads\/2024\/08\/creche-la-maison-bleue-300x186.jpeg 300w\" sizes=\"auto, (max-width: 522px) 100vw, 522px\" \/><\/figure>\n\n\n\n<h3 class=\"wp-block-heading\">La Maison Bleue accueil des enfants de 7h30 \u00e0 19h30&nbsp;<\/h3>\n\n\n\n<p>2C avenue des Montboucons<br>ZI TEMIS<br>25000 Besan\u00e7on<br>T\u00e9l :&nbsp;<a href=\"tel:0146545800\">01 46 54 58 00<\/a><\/p>\n<\/div>\n\n\n\n<div style=\"height:var(--wp--preset--spacing--5)\" aria-hidden=\"true\" class=\"wp-block-spacer\"><\/div>\n\n\n\n<h2 class=\"wp-block-heading\">Signaler un accident<\/h2>\n\n\n\n<div class=\"wp-block-group has-lightgrey-background-color has-background is-layout-constrained wp-block-group-is-layout-constrained\" style=\"padding-top:var(--wp--preset--spacing--5);padding-bottom:var(--wp--preset--spacing--5)\">\n<h3 class=\"wp-block-heading\">PROXIM&#8217;CIT\u00c9 : LE SERVICE QUI VOUS CHANGE LA VILLE<\/h3>\n\n\n\n<figure class=\"wp-block-image size-large is-resized\"><img loading=\"lazy\" decoding=\"async\" width=\"1024\" height=\"358\" src=\"https:\/\/www.temis.org\/wp-content\/uploads\/2024\/08\/proximcite_bandeau-1024x358.jpg\" alt=\"Proxim'cit\u00e9, la ville \u00e0 votre \u00e9coute pour veiller sur l'espace public\" class=\"wp-image-1255\" style=\"width:600px\" srcset=\"https:\/\/www.temis.org\/wp-content\/uploads\/2024\/08\/proximcite_bandeau-1024x358.jpg 1024w, https:\/\/www.temis.org\/wp-content\/uploads\/2024\/08\/proximcite_bandeau-300x105.jpg 300w, https:\/\/www.temis.org\/wp-content\/uploads\/2024\/08\/proximcite_bandeau-768x269.jpg 768w, https:\/\/www.temis.org\/wp-content\/uploads\/2024\/08\/proximcite_bandeau-1536x538.jpg 1536w, https:\/\/www.temis.org\/wp-content\/uploads\/2024\/08\/proximcite_bandeau.jpg 2000w\" sizes=\"auto, (max-width: 1024px) 100vw, 1024px\" \/><\/figure>\n\n\n\n<p>Un service qui vous permet de signaler tout incident qui est survenu dans un espace public ou sur un bien public et dont vous \u00eates t\u00e9moin. L\u2019incident est r\u00e9gl\u00e9 dans les 48h apr\u00e8s sa signalisation.<\/p>\n\n\n\n<h3 class=\"wp-block-heading\">CONTACT<\/h3>\n\n\n\n<p>Adresse : Entr\u00e9e A \u2013 2, rue M\u00e9gevand<\/p>\n\n\n\n<p>T\u00e9l\u00e9phone&nbsp;: 0 800 25 3000 (appel gratuit depuis une ligne de t\u00e9l\u00e9phone fixe)<\/p>\n\n\n\n<p>Formulaire en ligne,&nbsp;<a href=\"https:\/\/vosdemarches.grandbesancon.fr\/proximcite\" target=\"_blank\" rel=\"noreferrer noopener\">cliquer&nbsp;ici<\/a><\/p>\n\n\n\n<p><br><\/p>\n<\/div>\n","protected":false},"excerpt":{"rendered":"<p>Temis useful information Comment venir ? Selon d\u2019o\u00f9 vous venez vous pouvez vous rendre \u00e0&nbsp;TEMIS&nbsp;ou \u00e0&nbsp;TEMIS SANTE : En BUS ou en TRAM Horaires et itin\u00e9raires disponibles sur&nbsp;www.ginko.voyage En taxi Retrouver la liste des&nbsp;num\u00e9ros disponible&nbsp;ici COORDONN\u00c9ES&nbsp;POUR VENIR \u00c0 TEMIS INNOVATION Temis Innovation18 Rue Alain Savary25000 Besan\u00e7onT\u00e9l.&nbsp;+33(0)3 81 50 46 95bruno.favier@temis.org Faire garder vos enfants La&#8230;<\/p>\n","protected":false},"author":6,"featured_media":0,"parent":0,"menu_order":0,"comment_status":"closed","ping_status":"closed","template":"","meta":{"_acf_changed":false,"footnotes":""},"class_list":["post-1390","page","type-page","status-publish","hentry"],"acf":[],"_links":{"self":[{"href":"https:\/\/www.temis.org\/en\/wp-json\/wp\/v2\/pages\/1390","targetHints":{"allow":["GET"]}}],"collection":[{"href":"https:\/\/www.temis.org\/en\/wp-json\/wp\/v2\/pages"}],"about":[{"href":"https:\/\/www.temis.org\/en\/wp-json\/wp\/v2\/types\/page"}],"author":[{"embeddable":true,"href":"https:\/\/www.temis.org\/en\/wp-json\/wp\/v2\/users\/6"}],"replies":[{"embeddable":true,"href":"https:\/\/www.temis.org\/en\/wp-json\/wp\/v2\/comments?post=1390"}],"version-history":[{"count":1,"href":"https:\/\/www.temis.org\/en\/wp-json\/wp\/v2\/pages\/1390\/revisions"}],"predecessor-version":[{"id":1691,"href":"https:\/\/www.temis.org\/en\/wp-json\/wp\/v2\/pages\/1390\/revisions\/1691"}],"wp:attachment":[{"href":"https:\/\/www.temis.org\/en\/wp-json\/wp\/v2\/media?parent=1390"}],"curies":[{"name":"wp","href":"https:\/\/api.w.org\/{rel}","templated":true}]}}