{"id":1368,"date":"2024-07-29T16:43:47","date_gmt":"2024-07-29T14:43:47","guid":{"rendered":"https:\/\/www.temis.org\/temis-technopole-besancon\/situation-geographique\/"},"modified":"2024-08-13T15:41:33","modified_gmt":"2024-08-13T13:41:33","slug":"geographic-location","status":"publish","type":"page","link":"https:\/\/www.temis.org\/en\/temis-technopole-besancon\/geographic-location\/","title":{"rendered":"Geographic location"},"content":{"rendered":"\n<h1 class=\"wp-block-heading\">Temis : Access map and contact details<\/h1>\n\n\n\n<div class=\"wp-block-columns is-layout-flex wp-container-core-columns-is-layout-28f84493 wp-block-columns-is-layout-flex\">\n<div class=\"wp-block-column is-layout-flow wp-block-column-is-layout-flow\" style=\"flex-basis:75%\">\n<p>Close to the major European industrial regions, TEMIS is located in Besan\u00e7on, the historic watchmaking capital and France&#8217;s first green city. As the first city with a population of 100 to 200,000 inhabitants to be named &#8220;Most Business Friendly&#8221; in L&#8217;Expansion magazine&#8217;s 2015 ranking, it offers a favorable environment to develop your business.<\/p>\n\n\n\n<p>The technopole consists of 2 sites at the North and West entrances of Besan\u00e7on, 5 minutes from the A36 freeway and 10 minutes from the Besan\u00e7on TGV stations (Besan\u00e7on-Viotte and TGV Franche-Comt\u00e9). Its geographical location with Switzerland &#8211; 1h45 from Basel, 2h15 from Geneva makes it a European industrial hub.<\/p>\n\n\n\n<figure class=\"wp-block-image aligncenter size-full\"><img decoding=\"async\" width=\"850\" height=\"658\" src=\"https:\/\/www.temis.org\/wp-content\/uploads\/2024\/08\/carte-gb-temis.jpg\" alt=\"Carte emplacement Temis\" class=\"wp-image-839\" srcset=\"https:\/\/www.temis.org\/wp-content\/uploads\/2024\/08\/carte-gb-temis.jpg 850w, https:\/\/www.temis.org\/wp-content\/uploads\/2024\/08\/carte-gb-temis-300x232.jpg 300w, https:\/\/www.temis.org\/wp-content\/uploads\/2024\/08\/carte-gb-temis-768x595.jpg 768w\" sizes=\"(max-width: 850px) 100vw, 850px\" \/><\/figure>\n\n\n\n<figure class=\"wp-block-image aligncenter size-full is-resized\"><img decoding=\"async\" width=\"700\" height=\"578\" src=\"https:\/\/www.temis.org\/wp-content\/uploads\/2024\/08\/plan_zones-temis.jpg\" alt=\"Plan zones Temis\" class=\"wp-image-837\" style=\"width:350px\" srcset=\"https:\/\/www.temis.org\/wp-content\/uploads\/2024\/08\/plan_zones-temis.jpg 700w, https:\/\/www.temis.org\/wp-content\/uploads\/2024\/08\/plan_zones-temis-300x248.jpg 300w\" sizes=\"(max-width: 700px) 100vw, 700px\" \/><\/figure>\n<\/div>\n\n\n\n<div class=\"wp-block-column is-layout-flow wp-block-column-is-layout-flow\" style=\"flex-basis:25%\">\n<div class=\"wp-block-group has-lightgrey-background-color has-background is-layout-constrained wp-block-group-is-layout-constrained\" style=\"padding-top:var(--wp--preset--spacing--5);padding-bottom:var(--wp--preset--spacing--5)\">\n<div class=\"wp-block-group row-icon-text is-nowrap is-layout-flex wp-container-core-group-is-layout-ec64ffb1 wp-block-group-is-layout-flex\">\n<figure class=\"wp-block-image size-large is-resized is-style-default icon-has-border-rounded\"><img decoding=\"async\" width=\"24\" height=\"24\" src=\"https:\/\/www.temis.org\/wp-content\/uploads\/2024\/08\/train.svg\" alt=\"\" class=\"wp-image-1374\" style=\"width:40px\"\/><\/figure>\n\n\n\n<div class=\"wp-block-group is-vertical is-layout-flex wp-container-core-group-is-layout-4b827052 wp-block-group-is-layout-flex\">\n<p class=\"has-secondary-color has-text-color has-link-color has-x-large-font-size wp-elements-6d833553cd84892afd4257b189f2dff7\">10 minutes<\/p>\n\n\n\n<p class=\"has-secondary-color has-text-color has-link-color wp-elements-e1476bf2a8e1eadd65dd167444a08aa4\">from Besan\u00e7on train stations<\/p>\n<\/div>\n<\/div>\n\n\n\n<div class=\"wp-block-group row-icon-text is-nowrap is-layout-flex wp-container-core-group-is-layout-ec64ffb1 wp-block-group-is-layout-flex\">\n<figure class=\"wp-block-image size-large is-resized is-style-default icon-has-border-rounded\"><img decoding=\"async\" width=\"24\" height=\"24\" src=\"https:\/\/www.temis.org\/wp-content\/uploads\/2024\/08\/car.svg\" alt=\"\" class=\"wp-image-1376\" style=\"width:40px\"\/><\/figure>\n\n\n\n<div class=\"wp-block-group is-vertical is-layout-flex wp-container-core-group-is-layout-4b827052 wp-block-group-is-layout-flex\">\n<p class=\"has-secondary-color has-text-color has-link-color has-x-large-font-size wp-elements-6d833553cd84892afd4257b189f2dff7\">5 minutes<\/p>\n\n\n\n<p class=\"has-secondary-color has-text-color has-link-color wp-elements-e1476bf2a8e1eadd65dd167444a08aa4\">from A36 Freeway<\/p>\n<\/div>\n<\/div>\n\n\n\n<div class=\"wp-block-group row-icon-text is-nowrap is-layout-flex wp-container-core-group-is-layout-ec64ffb1 wp-block-group-is-layout-flex\">\n<figure class=\"wp-block-image size-large is-resized is-style-default icon-has-border-rounded\"><img decoding=\"async\" width=\"24\" height=\"24\" src=\"https:\/\/www.temis.org\/wp-content\/uploads\/2024\/08\/plane.svg\" alt=\"\" class=\"wp-image-1372\" style=\"width:40px\"\/><\/figure>\n\n\n\n<div class=\"wp-block-group is-vertical is-layout-flex wp-container-core-group-is-layout-4b827052 wp-block-group-is-layout-flex\">\n<p class=\"has-secondary-color has-text-color has-link-color has-x-large-font-size wp-elements-6d833553cd84892afd4257b189f2dff7\">2h10<\/p>\n\n\n\n<p class=\"has-secondary-color has-text-color has-link-color wp-elements-e1476bf2a8e1eadd65dd167444a08aa4\">from Paris-CDG Airport<\/p>\n<\/div>\n<\/div>\n\n\n\n<div class=\"wp-block-group row-icon-text is-nowrap is-layout-flex wp-container-core-group-is-layout-ec64ffb1 wp-block-group-is-layout-flex\">\n<figure class=\"wp-block-image size-large is-resized is-style-default icon-has-border-rounded\"><img decoding=\"async\" width=\"24\" height=\"24\" src=\"https:\/\/www.temis.org\/wp-content\/uploads\/2024\/08\/plane.svg\" alt=\"\" class=\"wp-image-1372\" style=\"width:40px\"\/><\/figure>\n\n\n\n<div class=\"wp-block-group is-vertical is-layout-flex wp-container-core-group-is-layout-4b827052 wp-block-group-is-layout-flex\">\n<p class=\"has-secondary-color has-text-color has-link-color has-x-large-font-size wp-elements-6d833553cd84892afd4257b189f2dff7\">1h50<\/p>\n\n\n\n<p class=\"has-secondary-color has-text-color has-link-color wp-elements-e1476bf2a8e1eadd65dd167444a08aa4\">from Basel-Mulhouse<\/p>\n<\/div>\n<\/div>\n\n\n\n<div class=\"wp-block-group row-icon-text is-nowrap is-layout-flex wp-container-core-group-is-layout-ec64ffb1 wp-block-group-is-layout-flex\">\n<figure class=\"wp-block-image size-large is-resized is-style-default icon-has-border-rounded\"><img decoding=\"async\" width=\"24\" height=\"24\" src=\"https:\/\/www.temis.org\/wp-content\/uploads\/2024\/08\/plane.svg\" alt=\"\" class=\"wp-image-1372\" style=\"width:40px\"\/><\/figure>\n\n\n\n<div class=\"wp-block-group is-vertical is-layout-flex wp-container-core-group-is-layout-4b827052 wp-block-group-is-layout-flex\">\n<p class=\"has-secondary-color has-text-color has-link-color has-x-large-font-size wp-elements-6d833553cd84892afd4257b189f2dff7\">2h15<\/p>\n\n\n\n<p class=\"has-secondary-color has-text-color has-link-color wp-elements-e1476bf2a8e1eadd65dd167444a08aa4\">from Geneva-Cointrin<\/p>\n<\/div>\n<\/div>\n\n\n\n<div class=\"wp-block-group row-icon-text is-nowrap is-layout-flex wp-container-core-group-is-layout-ec64ffb1 wp-block-group-is-layout-flex\">\n<figure class=\"wp-block-image size-large is-resized is-style-default icon-has-border-rounded\"><img decoding=\"async\" width=\"24\" height=\"24\" src=\"https:\/\/www.temis.org\/wp-content\/uploads\/2024\/08\/plane.svg\" alt=\"\" class=\"wp-image-1372\" style=\"width:40px\"\/><\/figure>\n\n\n\n<div class=\"wp-block-group is-vertical is-layout-flex wp-container-core-group-is-layout-4b827052 wp-block-group-is-layout-flex\">\n<p class=\"has-secondary-color has-text-color has-link-color has-x-large-font-size wp-elements-6d833553cd84892afd4257b189f2dff7\">0h50<\/p>\n\n\n\n<p class=\"has-secondary-color has-text-color has-link-color wp-elements-e1476bf2a8e1eadd65dd167444a08aa4\">from Dole-Tavaux<\/p>\n<\/div>\n<\/div>\n<\/div>\n<\/div>\n<\/div>\n","protected":false},"excerpt":{"rendered":"<p>Temis : Access map and contact details Close to the major European industrial regions, TEMIS is located in Besan\u00e7on, the historic watchmaking capital and France&#8217;s first green city. As the first city with a population of 100 to 200,000 inhabitants to be named &#8220;Most Business Friendly&#8221; in L&#8217;Expansion magazine&#8217;s 2015 ranking, it offers a favorable&#8230;<\/p>\n","protected":false},"author":6,"featured_media":0,"parent":1297,"menu_order":0,"comment_status":"closed","ping_status":"closed","template":"","meta":{"_acf_changed":false,"footnotes":""},"class_list":["post-1368","page","type-page","status-publish","hentry"],"acf":[],"_links":{"self":[{"href":"https:\/\/www.temis.org\/en\/wp-json\/wp\/v2\/pages\/1368","targetHints":{"allow":["GET"]}}],"collection":[{"href":"https:\/\/www.temis.org\/en\/wp-json\/wp\/v2\/pages"}],"about":[{"href":"https:\/\/www.temis.org\/en\/wp-json\/wp\/v2\/types\/page"}],"author":[{"embeddable":true,"href":"https:\/\/www.temis.org\/en\/wp-json\/wp\/v2\/users\/6"}],"replies":[{"embeddable":true,"href":"https:\/\/www.temis.org\/en\/wp-json\/wp\/v2\/comments?post=1368"}],"version-history":[{"count":4,"href":"https:\/\/www.temis.org\/en\/wp-json\/wp\/v2\/pages\/1368\/revisions"}],"predecessor-version":[{"id":1379,"href":"https:\/\/www.temis.org\/en\/wp-json\/wp\/v2\/pages\/1368\/revisions\/1379"}],"up":[{"embeddable":true,"href":"https:\/\/www.temis.org\/en\/wp-json\/wp\/v2\/pages\/1297"}],"wp:attachment":[{"href":"https:\/\/www.temis.org\/en\/wp-json\/wp\/v2\/media?parent=1368"}],"curies":[{"name":"wp","href":"https:\/\/api.w.org\/{rel}","templated":true}]}}